{"id":105131,"date":"2022-07-04T05:08:42","date_gmt":"2022-07-04T05:08:42","guid":{"rendered":"http:\/\/f6.asesoresmej.com\/?page_id=105131"},"modified":"2024-07-29T05:14:23","modified_gmt":"2024-07-29T05:14:23","slug":"area-direccion-de-administracion-y-control-de-gasto","status":"publish","type":"page","link":"https:\/\/f6p.mx\/index.php\/area-direccion-de-administracion-y-control-de-gasto\/","title":{"rendered":"\u00c1rea Direcci\u00f3n de Administraci\u00f3n y Control de Gasto"},"content":{"rendered":"<p>[et_pb_section fb_built=&#8221;1&#8243; _builder_version=&#8221;4.25.2&#8243; _module_preset=&#8221;default&#8221; custom_margin=&#8221;130px||0px||false|false&#8221; custom_margin_tablet=&#8221;220px||0px||false|false&#8221; custom_margin_phone=&#8221;180px||0px||false|false&#8221; custom_margin_last_edited=&#8221;on|phone&#8221; custom_padding=&#8221;0px||0px||true|false&#8221; hover_enabled=&#8221;0&#8243; global_colors_info=&#8221;{}&#8221; sticky_enabled=&#8221;0&#8243;][et_pb_row _builder_version=&#8221;4.17.4&#8243; _module_preset=&#8221;default&#8221; background_enable_color=&#8221;off&#8221; use_background_color_gradient=&#8221;on&#8221; background_color_gradient_direction=&#8221;314deg&#8221; background_color_gradient_stops=&#8221;#14a869 0%|#0e765d 100%&#8221; width=&#8221;100%&#8221; max_width=&#8221;100%&#8221; custom_margin=&#8221;110px||0px||false|false&#8221; custom_padding=&#8221;30px||30px||true|false&#8221; global_colors_info=&#8221;{}&#8221;][et_pb_column type=&#8221;4_4&#8243; _builder_version=&#8221;4.17.4&#8243; _module_preset=&#8221;default&#8221; border_width_all=&#8221;50px&#8221; border_color_all=&#8221;RGBA(255,255,255,0)&#8221; global_colors_info=&#8221;{}&#8221;][dipi_typing_text typing_text=&#8221;\u00c1rea Direcci\u00f3n de Administraci\u00f3n y Control de Gasto&#8221; typing_loop=&#8221;off&#8221; typing_speed=&#8221;30ms&#8221; _builder_version=&#8221;4.17.4&#8243; _module_preset=&#8221;default&#8221; text_font=&#8221;|700|||||||&#8221; text_text_align=&#8221;center&#8221; text_text_color=&#8221;#FFFFFF&#8221; text_font_size=&#8221;36px&#8221; text_font_size_tablet=&#8221;36px&#8221; text_font_size_phone=&#8221;25px&#8221; text_font_size_last_edited=&#8221;on|phone&#8221; text_line_height_tablet=&#8221;&#8221; text_line_height_phone=&#8221;1.4em&#8221; text_line_height_last_edited=&#8221;on|phone&#8221; global_colors_info=&#8221;{}&#8221;][\/dipi_typing_text][\/et_pb_column][\/et_pb_row][\/et_pb_section][et_pb_section fb_built=&#8221;1&#8243; _builder_version=&#8221;4.17.4&#8243; _module_preset=&#8221;default&#8221; border_width_bottom=&#8221;1px&#8221; border_color_bottom=&#8221;#797979&#8243; global_colors_info=&#8221;{}&#8221;][et_pb_row _builder_version=&#8221;4.17.4&#8243; _module_preset=&#8221;default&#8221; global_colors_info=&#8221;{}&#8221;][et_pb_column type=&#8221;4_4&#8243; _builder_version=&#8221;4.17.4&#8243; _module_preset=&#8221;default&#8221; global_colors_info=&#8221;{}&#8221;][et_pb_text _builder_version=&#8221;4.17.4&#8243; _module_preset=&#8221;default&#8221; text_font_size=&#8221;20px&#8221; text_line_height=&#8221;2em&#8221; text_orientation=&#8221;center&#8221; text_font_size_tablet=&#8221;20px&#8221; text_font_size_phone=&#8221;15px&#8221; text_font_size_last_edited=&#8221;on|phone&#8221; global_colors_info=&#8221;{}&#8221;]<\/p>\n<p>Cuidamos y asignamos eficientemente los recursos que, de acuerdo al presupuesto, fueron destinados a Servicios Estrat\u00e9gicos para su operaci\u00f3n, buscando la mejora continua en los procesos administrativos, servicio al cliente y an\u00e1lisis de gastos.<\/p>\n<p>Facturaci\u00f3n interna, verificaci\u00f3n de activos y gastos, reporte de ingresos y egresos, an\u00e1lisis de gastos, seguimiento con RH de movimientos de personal y de gastos a comprobar; verificaci\u00f3n de centros de costos, tr\u00e1mites de pagos a proveedores, requerimientos de material y art\u00edculos, CAPEX, y servicios para equipos de comunicaci\u00f3n (cambios y recargas).<\/p>\n<p>[\/et_pb_text][\/et_pb_column][\/et_pb_row][\/et_pb_section]<\/p>\n","protected":false},"excerpt":{"rendered":"<p><div class=\"et_pb_module dipi_typing_text dipi_typing_text_0\">\n\t\t\t\t\n\t\t\t\t\n\t\t\t\t\n\t\t\t\t\n\t\t\t\t\n\t\t\t\t\n\t\t\t\t<div class=\"et_pb_module_inner\">\n\t\t\t\t\t<div class=\"dipi-typing\">\n                <span class=\"dipi-typing-text-prefix\"><\/span>\n                <span class=\"dipi-typing-wrap\">\n                    <span class=\"dipi-typing-text\" data-dipi-loop=\"false\"\n            data-dipi-speed=\"30ms\"\n            data-dipi-backspeed=\"100ms\"\n            data-dipi-backdelay=\"100ms\"\n            data-dipi-show-cursor=\"true\"\n            data-dipi-cursor-char=\"|\"\n            data-dipi-typing-strings=\"[&quot;\\u00c1rea Direcci\\u00f3n de Administraci\\u00f3n y Control de Gasto&quot;]\"\n            data-dipi-typing-strings=\"[&quot;\\u00c1rea Direcci\\u00f3n de Administraci\\u00f3n y Control de Gasto&quot;]\"\n            data-dipi-typing-inviewport=\"off\"\n            data-dipi-typing-offset=\"75%\"\n            ><\/span>\n                <\/span>\n                <span class=\"dipi-typing-text-suffix\"><\/span>\n            <\/div>\n\t\t\t\t<\/div>\n\t\t\t<\/div>Cuidamos y asignamos eficientemente los recursos que, de acuerdo al presupuesto, fueron destinados a Servicios Estrat\u00e9gicos para su operaci\u00f3n, buscando la mejora continua en los procesos administrativos, servicio al cliente y an\u00e1lisis [&hellip;]<\/p>\n","protected":false},"author":1,"featured_media":0,"parent":0,"menu_order":0,"comment_status":"closed","ping_status":"closed","template":"","meta":{"_et_pb_use_builder":"on","_et_pb_old_content":"<!-- wp:divi\/placeholder \/-->","_et_gb_content_width":"","footnotes":""},"dipi_cpt_category":[],"class_list":["post-105131","page","type-page","status-publish","hentry"],"_links":{"self":[{"href":"https:\/\/f6p.mx\/index.php\/wp-json\/wp\/v2\/pages\/105131"}],"collection":[{"href":"https:\/\/f6p.mx\/index.php\/wp-json\/wp\/v2\/pages"}],"about":[{"href":"https:\/\/f6p.mx\/index.php\/wp-json\/wp\/v2\/types\/page"}],"author":[{"embeddable":true,"href":"https:\/\/f6p.mx\/index.php\/wp-json\/wp\/v2\/users\/1"}],"replies":[{"embeddable":true,"href":"https:\/\/f6p.mx\/index.php\/wp-json\/wp\/v2\/comments?post=105131"}],"version-history":[{"count":0,"href":"https:\/\/f6p.mx\/index.php\/wp-json\/wp\/v2\/pages\/105131\/revisions"}],"wp:attachment":[{"href":"https:\/\/f6p.mx\/index.php\/wp-json\/wp\/v2\/media?parent=105131"}],"wp:term":[{"taxonomy":"dipi_cpt_category","embeddable":true,"href":"https:\/\/f6p.mx\/index.php\/wp-json\/wp\/v2\/dipi_cpt_category?post=105131"}],"curies":[{"name":"wp","href":"https:\/\/api.w.org\/{rel}","templated":true}]}}